{"id":12,"date":"2021-05-12T17:25:45","date_gmt":"2021-05-12T14:25:45","guid":{"rendered":"https:\/\/nayttely-cms.luomus.fi\/?page_id=12"},"modified":"2021-10-25T06:27:55","modified_gmt":"2021-10-25T03:27:55","slug":"fi","status":"publish","type":"page","link":"https:\/\/nayttely-cms.luomus.fi\/?page_id=12","title":{"rendered":"FI-SCREEN1"},"content":{"rendered":"\n<p>Suomenkielisen osion p\u00e4\u00e4valikko<\/p>\n\n\n\n<h1 class=\"wp-block-heading\">Pyry: Onko t\u00e4m\u00e4 se aloitussivu? Jolle tulee video taustalle ja vasen laita feidattuna?<\/h1>\n\n\n\n<p>Blaa blaa<\/p>\n\n\n\n<ul class=\"wp-block-list\"><li>sdfds<\/li><li>sdfsdf<\/li><\/ul>\n\n\n\n<blockquote class=\"wp-block-quote is-layout-flow wp-block-quote-is-layout-flow\"><p>Viisas sanoma<\/p><cite>Sanoi Sokrates<\/cite><\/blockquote>\n\n\n","protected":false},"excerpt":{"rendered":"<p>Suomenkielisen osion p\u00e4\u00e4valikko Pyry: Onko t\u00e4m\u00e4 se aloitussivu? Jolle tulee video taustalle ja vasen laita feidattuna? Blaa blaa sdfds sdfsdf Viisas sanoma Sanoi Sokrates<\/p>\n","protected":false},"author":1,"featured_media":0,"parent":0,"menu_order":0,"comment_status":"closed","ping_status":"closed","template":"","meta":{"footnotes":""},"tags":[],"class_list":["post-12","page","type-page","status-publish","hentry","entry"],"_links":{"self":[{"href":"https:\/\/nayttely-cms.luomus.fi\/index.php?rest_route=\/wp\/v2\/pages\/12","targetHints":{"allow":["GET"]}}],"collection":[{"href":"https:\/\/nayttely-cms.luomus.fi\/index.php?rest_route=\/wp\/v2\/pages"}],"about":[{"href":"https:\/\/nayttely-cms.luomus.fi\/index.php?rest_route=\/wp\/v2\/types\/page"}],"author":[{"embeddable":true,"href":"https:\/\/nayttely-cms.luomus.fi\/index.php?rest_route=\/wp\/v2\/users\/1"}],"replies":[{"embeddable":true,"href":"https:\/\/nayttely-cms.luomus.fi\/index.php?rest_route=%2Fwp%2Fv2%2Fcomments&post=12"}],"version-history":[{"count":4,"href":"https:\/\/nayttely-cms.luomus.fi\/index.php?rest_route=\/wp\/v2\/pages\/12\/revisions"}],"predecessor-version":[{"id":141,"href":"https:\/\/nayttely-cms.luomus.fi\/index.php?rest_route=\/wp\/v2\/pages\/12\/revisions\/141"}],"wp:attachment":[{"href":"https:\/\/nayttely-cms.luomus.fi\/index.php?rest_route=%2Fwp%2Fv2%2Fmedia&parent=12"}],"wp:term":[{"taxonomy":"post_tag","embeddable":true,"href":"https:\/\/nayttely-cms.luomus.fi\/index.php?rest_route=%2Fwp%2Fv2%2Ftags&post=12"}],"curies":[{"name":"wp","href":"https:\/\/api.w.org\/{rel}","templated":true}]}}