{"id":162,"date":"2021-10-29T15:17:22","date_gmt":"2021-10-29T12:17:22","guid":{"rendered":"https:\/\/nayttely-cms.luomus.fi\/?page_id=162"},"modified":"2021-12-13T10:36:19","modified_gmt":"2021-12-13T08:36:19","slug":"tama-on-etusivu","status":"publish","type":"page","link":"https:\/\/nayttely-cms.luomus.fi\/?page_id=162","title":{"rendered":"Tutkimuksella ratkaisuja!"},"content":{"rendered":"\n<p>Luonnonkirjon suojelemiseksi tarvitaan tietoa. Sit\u00e4 tuotetaan t\u00e4\u00e4ll\u00e4 Luonnontieteellisess\u00e4 keskusmuseossa ja Helsingin yliopistossa. Klikkaa alareunasta sinua kiinnostavaa tutkimusta!<\/p>\n","protected":false},"excerpt":{"rendered":"<p>Luonnonkirjon suojelemiseksi tarvitaan tietoa. Sit\u00e4 tuotetaan t\u00e4\u00e4ll\u00e4 Luonnontieteellisess\u00e4 keskusmuseossa ja Helsingin yliopistossa. Klikkaa alareunasta sinua kiinnostavaa tutkimusta!<\/p>\n","protected":false},"author":3,"featured_media":0,"parent":0,"menu_order":0,"comment_status":"closed","ping_status":"closed","template":"","meta":{"footnotes":""},"tags":[5,7,9],"class_list":["post-162","page","type-page","status-publish","hentry","tag-align-left","tag-style-front","tag-video-2021-11-1074200849-hd-mov","entry"],"_links":{"self":[{"href":"https:\/\/nayttely-cms.luomus.fi\/index.php?rest_route=\/wp\/v2\/pages\/162","targetHints":{"allow":["GET"]}}],"collection":[{"href":"https:\/\/nayttely-cms.luomus.fi\/index.php?rest_route=\/wp\/v2\/pages"}],"about":[{"href":"https:\/\/nayttely-cms.luomus.fi\/index.php?rest_route=\/wp\/v2\/types\/page"}],"author":[{"embeddable":true,"href":"https:\/\/nayttely-cms.luomus.fi\/index.php?rest_route=\/wp\/v2\/users\/3"}],"replies":[{"embeddable":true,"href":"https:\/\/nayttely-cms.luomus.fi\/index.php?rest_route=%2Fwp%2Fv2%2Fcomments&post=162"}],"version-history":[{"count":3,"href":"https:\/\/nayttely-cms.luomus.fi\/index.php?rest_route=\/wp\/v2\/pages\/162\/revisions"}],"predecessor-version":[{"id":184,"href":"https:\/\/nayttely-cms.luomus.fi\/index.php?rest_route=\/wp\/v2\/pages\/162\/revisions\/184"}],"wp:attachment":[{"href":"https:\/\/nayttely-cms.luomus.fi\/index.php?rest_route=%2Fwp%2Fv2%2Fmedia&parent=162"}],"wp:term":[{"taxonomy":"post_tag","embeddable":true,"href":"https:\/\/nayttely-cms.luomus.fi\/index.php?rest_route=%2Fwp%2Fv2%2Ftags&post=162"}],"curies":[{"name":"wp","href":"https:\/\/api.w.org\/{rel}","templated":true}]}}