{"id":18,"date":"2021-05-12T17:26:49","date_gmt":"2021-05-12T14:26:49","guid":{"rendered":"https:\/\/nayttely-cms.luomus.fi\/?page_id=18"},"modified":"2021-11-04T06:36:48","modified_gmt":"2021-11-04T04:36:48","slug":"tutkijat","status":"publish","type":"page","link":"https:\/\/nayttely-cms.luomus.fi\/?page_id=18","title":{"rendered":"Pienikin on t\u00e4rke\u00e4!"},"content":{"rendered":"\n<p><\/p>\n\n\n\n<h1 class=\"wp-block-heading\"><strong><strong>Pienetkin viheralueet ovat t\u00e4rkeit\u00e4<\/strong><\/strong><\/h1>\n\n\n\n<p>Luonnonsuojelusuunnittelussa keskityt\u00e4\u00e4n usein laajojen alueiden suojeluun. Kattavien suojelualueiden hy\u00f6dyt ovatkin ilmeiset, sill\u00e4 laaja suojeltu alue turvaa parhaiten alueella el\u00e4vien lajien s\u00e4ilymisen. Samaan aikaan pienempien alueiden ja vihreiden saarekkeiden suojeluun on suhtauduttu usein v\u00e4linpit\u00e4m\u00e4tt\u00f6m\u00e4sti, koska niiden suojelun on ajateltu olevan merkitykselt\u00e4\u00e4n v\u00e4h\u00e4isemp\u00e4\u00e4.<\/p>\n\n\n\n<p>T\u00e4ss\u00e4 tutkimuksessa saatiin kuitenkin tukea sille, ett\u00e4 pienetkin vihre\u00e4t saarekkeet voivat olla eritt\u00e4in t\u00e4rkeit\u00e4 lajikirjon s\u00e4ilymist\u00e4 ajatellen. T\u00e4ll\u00e4 on erityisesti merkityst\u00e4 alueilla, joilla ihmisen vaikutus on suurta ja viheralueet pieni\u00e4 ja harvassa. Etenkin kaupungeissa kannattaa suojella ja ennallistaa pieni\u00e4kin viheralueita. Jos keskityt\u00e4\u00e4n suojelemaan vain laajoja alueita, voidaan menett\u00e4\u00e4 pienemmille alueille ominaisia lajeja.<\/p>\n\n\n\n<h3 class=\"wp-block-heading\">Linkki artikkeliin:<\/h3>\n\n\n\n<p><a href=\"https:\/\/nayttely-cms.luomus.fi\/wp-content\/uploads\/2021\/10\/Global_synthesis_of_conservation.pdf\">Global synthesis of conservation studies reveals the importance of small habitat patches for biodiversity<\/a><\/p>\n","protected":false},"excerpt":{"rendered":"<p>Pienetkin viheralueet ovat t\u00e4rkeit\u00e4 Luonnonsuojelusuunnittelussa keskityt\u00e4\u00e4n usein laajojen alueiden suojeluun. Kattavien suojelualueiden hy\u00f6dyt ovatkin ilmeiset, sill\u00e4 laaja suojeltu alue turvaa parhaiten alueella el\u00e4vien lajien s\u00e4ilymisen. Samaan aikaan pienempien alueiden ja vihreiden saarekkeiden suojeluun on suhtauduttu usein v\u00e4linpit\u00e4m\u00e4tt\u00f6m\u00e4sti, koska niiden suojelun on ajateltu olevan merkitykselt\u00e4\u00e4n v\u00e4h\u00e4isemp\u00e4\u00e4. T\u00e4ss\u00e4 tutkimuksessa saatiin kuitenkin tukea sille, ett\u00e4 pienetkin vihre\u00e4t saarekkeet&hellip; <a class=\"more-link\" href=\"https:\/\/nayttely-cms.luomus.fi\/?page_id=18\">Jatka lukemista <span class=\"screen-reader-text\">Pienikin on t\u00e4rke\u00e4!<\/span><\/a><\/p>\n","protected":false},"author":1,"featured_media":168,"parent":0,"menu_order":0,"comment_status":"closed","ping_status":"closed","template":"","meta":{"footnotes":""},"tags":[],"class_list":["post-18","page","type-page","status-publish","has-post-thumbnail","hentry","entry"],"_links":{"self":[{"href":"https:\/\/nayttely-cms.luomus.fi\/index.php?rest_route=\/wp\/v2\/pages\/18","targetHints":{"allow":["GET"]}}],"collection":[{"href":"https:\/\/nayttely-cms.luomus.fi\/index.php?rest_route=\/wp\/v2\/pages"}],"about":[{"href":"https:\/\/nayttely-cms.luomus.fi\/index.php?rest_route=\/wp\/v2\/types\/page"}],"author":[{"embeddable":true,"href":"https:\/\/nayttely-cms.luomus.fi\/index.php?rest_route=\/wp\/v2\/users\/1"}],"replies":[{"embeddable":true,"href":"https:\/\/nayttely-cms.luomus.fi\/index.php?rest_route=%2Fwp%2Fv2%2Fcomments&post=18"}],"version-history":[{"count":7,"href":"https:\/\/nayttely-cms.luomus.fi\/index.php?rest_route=\/wp\/v2\/pages\/18\/revisions"}],"predecessor-version":[{"id":139,"href":"https:\/\/nayttely-cms.luomus.fi\/index.php?rest_route=\/wp\/v2\/pages\/18\/revisions\/139"}],"wp:featuredmedia":[{"embeddable":true,"href":"https:\/\/nayttely-cms.luomus.fi\/index.php?rest_route=\/wp\/v2\/media\/168"}],"wp:attachment":[{"href":"https:\/\/nayttely-cms.luomus.fi\/index.php?rest_route=%2Fwp%2Fv2%2Fmedia&parent=18"}],"wp:term":[{"taxonomy":"post_tag","embeddable":true,"href":"https:\/\/nayttely-cms.luomus.fi\/index.php?rest_route=%2Fwp%2Fv2%2Ftags&post=18"}],"curies":[{"name":"wp","href":"https:\/\/api.w.org\/{rel}","templated":true}]}}