{"id":20,"date":"2021-05-12T17:27:11","date_gmt":"2021-05-12T14:27:11","guid":{"rendered":"https:\/\/nayttely-cms.luomus.fi\/?page_id=20"},"modified":"2021-11-04T06:43:50","modified_gmt":"2021-11-04T04:43:50","slug":"teuvo-tutkija","status":"publish","type":"page","link":"https:\/\/nayttely-cms.luomus.fi\/?page_id=20","title":{"rendered":"Minne rakentaa?"},"content":{"rendered":"\n<h2 class=\"wp-block-heading\"><strong>Parempaa kaupunkisuunnittelua<\/strong><\/h2>\n\n\n\n<p>Monipuolinen tutkimustieto on ensiarvoinen ty\u00f6v\u00e4line kaupunkisuunnittelun p\u00e4\u00e4t\u00f6ksentekoon. Luonnonkirjo eli monimuotoisuuden tila on t\u00e4rke\u00e4 mittari maank\u00e4yt\u00f6n ja rakentamisen suunnittelun tueksi.<\/p>\n\n\n\n<p>T\u00e4ss\u00e4 tutkimuksessa kartoitettiin luonnon monimuotoisuuden kannalta t\u00e4rkeit\u00e4 ymp\u00e4rist\u00f6j\u00e4 p\u00e4\u00e4kaupunkiseudulla. Lis\u00e4ksi tutkimuksessa kehitettiin menetelmi\u00e4 ja mittareita ymp\u00e4rist\u00f6n tilan parempaan arviointiin.<\/p>\n\n\n\n<p>Tutkimuksessa tunnistettiin kaupunkiluonnon monimuotoisuuden kannalta t\u00e4rkeit\u00e4 ymp\u00e4rist\u00f6j\u00e4, jotka kannattaa s\u00e4\u00e4st\u00e4\u00e4 rakentamiselta. T\u00e4llaisia ymp\u00e4rist\u00f6j\u00e4 ovat kaupunkimets\u00e4t, kasvitieteelliset puutarhat, rannikkoniityt ja joutomaat. Biodiversiteetin kannalta rakentaminen kannattaisi keskitt\u00e4\u00e4 valmiiksi rakennetuille alueille ja peltomaalle.<\/p>\n\n\n\n<h3 class=\"wp-block-heading\">Linkki artikkeliin:<\/h3>\n\n\n\n<p><a href=\"https:\/\/nayttely-cms.luomus.fi\/wp-content\/uploads\/2021\/10\/Spatial_prioritization.pdf\">Spatial prioritization for urban Biodiversity Quality using biotope maps and expert opinion<\/a><\/p>\n","protected":false},"excerpt":{"rendered":"<p>Parempaa kaupunkisuunnittelua Monipuolinen tutkimustieto on ensiarvoinen ty\u00f6v\u00e4line kaupunkisuunnittelun p\u00e4\u00e4t\u00f6ksentekoon. Luonnonkirjo eli monimuotoisuuden tila on t\u00e4rke\u00e4 mittari maank\u00e4yt\u00f6n ja rakentamisen suunnittelun tueksi. T\u00e4ss\u00e4 tutkimuksessa kartoitettiin luonnon monimuotoisuuden kannalta t\u00e4rkeit\u00e4 ymp\u00e4rist\u00f6j\u00e4 p\u00e4\u00e4kaupunkiseudulla. Lis\u00e4ksi tutkimuksessa kehitettiin menetelmi\u00e4 ja mittareita ymp\u00e4rist\u00f6n tilan parempaan arviointiin. Tutkimuksessa tunnistettiin kaupunkiluonnon monimuotoisuuden kannalta t\u00e4rkeit\u00e4 ymp\u00e4rist\u00f6j\u00e4, jotka kannattaa s\u00e4\u00e4st\u00e4\u00e4 rakentamiselta. T\u00e4llaisia ymp\u00e4rist\u00f6j\u00e4 ovat kaupunkimets\u00e4t,&hellip; <a class=\"more-link\" href=\"https:\/\/nayttely-cms.luomus.fi\/?page_id=20\">Jatka lukemista <span class=\"screen-reader-text\">Minne rakentaa?<\/span><\/a><\/p>\n","protected":false},"author":1,"featured_media":169,"parent":0,"menu_order":0,"comment_status":"closed","ping_status":"closed","template":"","meta":{"footnotes":""},"tags":[5],"class_list":["post-20","page","type-page","status-publish","has-post-thumbnail","hentry","tag-align-left","entry"],"_links":{"self":[{"href":"https:\/\/nayttely-cms.luomus.fi\/index.php?rest_route=\/wp\/v2\/pages\/20","targetHints":{"allow":["GET"]}}],"collection":[{"href":"https:\/\/nayttely-cms.luomus.fi\/index.php?rest_route=\/wp\/v2\/pages"}],"about":[{"href":"https:\/\/nayttely-cms.luomus.fi\/index.php?rest_route=\/wp\/v2\/types\/page"}],"author":[{"embeddable":true,"href":"https:\/\/nayttely-cms.luomus.fi\/index.php?rest_route=\/wp\/v2\/users\/1"}],"replies":[{"embeddable":true,"href":"https:\/\/nayttely-cms.luomus.fi\/index.php?rest_route=%2Fwp%2Fv2%2Fcomments&post=20"}],"version-history":[{"count":8,"href":"https:\/\/nayttely-cms.luomus.fi\/index.php?rest_route=\/wp\/v2\/pages\/20\/revisions"}],"predecessor-version":[{"id":159,"href":"https:\/\/nayttely-cms.luomus.fi\/index.php?rest_route=\/wp\/v2\/pages\/20\/revisions\/159"}],"wp:featuredmedia":[{"embeddable":true,"href":"https:\/\/nayttely-cms.luomus.fi\/index.php?rest_route=\/wp\/v2\/media\/169"}],"wp:attachment":[{"href":"https:\/\/nayttely-cms.luomus.fi\/index.php?rest_route=%2Fwp%2Fv2%2Fmedia&parent=20"}],"wp:term":[{"taxonomy":"post_tag","embeddable":true,"href":"https:\/\/nayttely-cms.luomus.fi\/index.php?rest_route=%2Fwp%2Fv2%2Ftags&post=20"}],"curies":[{"name":"wp","href":"https:\/\/api.w.org\/{rel}","templated":true}]}}