{"id":22,"date":"2021-05-12T17:27:30","date_gmt":"2021-05-12T14:27:30","guid":{"rendered":"https:\/\/nayttely-cms.luomus.fi\/?page_id=22"},"modified":"2021-11-04T06:51:01","modified_gmt":"2021-11-04T04:51:01","slug":"tarja-tutkija","status":"publish","type":"page","link":"https:\/\/nayttely-cms.luomus.fi\/?page_id=22","title":{"rendered":"Luontoa kaupunkiin"},"content":{"rendered":"\n<h2 class=\"wp-block-heading\"><strong>Virkistyst\u00e4 ja turvakeitaita<\/strong><\/h2>\n\n\n\n<p>Kaupunkimets\u00e4t ovat t\u00e4rkeit\u00e4 virkistysalueita, mutta my\u00f6s turvakeitaita metsien lajeille. Riitt\u00e4v\u00e4n kokoiset kaupunkimets\u00e4t turvaavat parhaiten sek\u00e4 virkistysarvoja ett\u00e4 ekologisen merkityksen. Luonnossa liikkujat nimitt\u00e4in kuluttavat mets\u00e4npohjaa ja saattavat talloa kasvavia taimia.<\/p>\n\n\n\n<p>T\u00e4ss\u00e4 v\u00e4it\u00f6stutkimuksessa kartoitettiin erilaisia keinoja luoda kaupunkimetsiin luonnollisia esteit\u00e4, jotka ehk\u00e4isev\u00e4t ymp\u00e4rist\u00f6jen kulumista. Tiheiden taimikoiden ja lahopuiden havaittiin olevan hyvi\u00e4 esteit\u00e4 suojelemaan mets\u00e4n osia liialta virkistysk\u00e4yt\u00f6lt\u00e4. Kyselytutkimuksen tulosten pohjalta virkistysarvojen havaittiin kasvavan, mik\u00e4li kaupunkin\u00e4kym\u00e4 ei ulottunut mets\u00e4\u00e4n. Eri-ik\u00e4iset puut ja lahopuu lis\u00e4\u00e4v\u00e4t lajiston monimuotoisuutta ja parantavat mets\u00e4n virkistysarvoa.<\/p>\n\n\n\n<h3 class=\"wp-block-heading\">Linkki v\u00e4it\u00f6skirjaan:<\/h3>\n\n\n\n<p><a href=\"https:\/\/nayttely-cms.luomus.fi\/wp-content\/uploads\/2021\/10\/Eco-experimental_quality_vaitoskirja.pdf\">Eco-experiential quality of urban forests: Combining ecological, restorative and aesthetic perspectives<\/a><\/p>\n","protected":false},"excerpt":{"rendered":"<p>Virkistyst\u00e4 ja turvakeitaita Kaupunkimets\u00e4t ovat t\u00e4rkeit\u00e4 virkistysalueita, mutta my\u00f6s turvakeitaita metsien lajeille. Riitt\u00e4v\u00e4n kokoiset kaupunkimets\u00e4t turvaavat parhaiten sek\u00e4 virkistysarvoja ett\u00e4 ekologisen merkityksen. Luonnossa liikkujat nimitt\u00e4in kuluttavat mets\u00e4npohjaa ja saattavat talloa kasvavia taimia. T\u00e4ss\u00e4 v\u00e4it\u00f6stutkimuksessa kartoitettiin erilaisia keinoja luoda kaupunkimetsiin luonnollisia esteit\u00e4, jotka ehk\u00e4isev\u00e4t ymp\u00e4rist\u00f6jen kulumista. Tiheiden taimikoiden ja lahopuiden havaittiin olevan hyvi\u00e4 esteit\u00e4 suojelemaan mets\u00e4n&hellip; <a class=\"more-link\" href=\"https:\/\/nayttely-cms.luomus.fi\/?page_id=22\">Jatka lukemista <span class=\"screen-reader-text\">Luontoa kaupunkiin<\/span><\/a><\/p>\n","protected":false},"author":1,"featured_media":173,"parent":0,"menu_order":0,"comment_status":"closed","ping_status":"closed","template":"","meta":{"footnotes":""},"tags":[],"class_list":["post-22","page","type-page","status-publish","has-post-thumbnail","hentry","entry"],"_links":{"self":[{"href":"https:\/\/nayttely-cms.luomus.fi\/index.php?rest_route=\/wp\/v2\/pages\/22","targetHints":{"allow":["GET"]}}],"collection":[{"href":"https:\/\/nayttely-cms.luomus.fi\/index.php?rest_route=\/wp\/v2\/pages"}],"about":[{"href":"https:\/\/nayttely-cms.luomus.fi\/index.php?rest_route=\/wp\/v2\/types\/page"}],"author":[{"embeddable":true,"href":"https:\/\/nayttely-cms.luomus.fi\/index.php?rest_route=\/wp\/v2\/users\/1"}],"replies":[{"embeddable":true,"href":"https:\/\/nayttely-cms.luomus.fi\/index.php?rest_route=%2Fwp%2Fv2%2Fcomments&post=22"}],"version-history":[{"count":7,"href":"https:\/\/nayttely-cms.luomus.fi\/index.php?rest_route=\/wp\/v2\/pages\/22\/revisions"}],"predecessor-version":[{"id":154,"href":"https:\/\/nayttely-cms.luomus.fi\/index.php?rest_route=\/wp\/v2\/pages\/22\/revisions\/154"}],"wp:featuredmedia":[{"embeddable":true,"href":"https:\/\/nayttely-cms.luomus.fi\/index.php?rest_route=\/wp\/v2\/media\/173"}],"wp:attachment":[{"href":"https:\/\/nayttely-cms.luomus.fi\/index.php?rest_route=%2Fwp%2Fv2%2Fmedia&parent=22"}],"wp:term":[{"taxonomy":"post_tag","embeddable":true,"href":"https:\/\/nayttely-cms.luomus.fi\/index.php?rest_route=%2Fwp%2Fv2%2Ftags&post=22"}],"curies":[{"name":"wp","href":"https:\/\/api.w.org\/{rel}","templated":true}]}}