{"id":229,"date":"2022-01-24T23:25:29","date_gmt":"2022-01-24T21:25:29","guid":{"rendered":"https:\/\/nayttely-cms.luomus.fi\/?page_id=229"},"modified":"2022-06-07T22:55:53","modified_gmt":"2022-06-07T19:55:53","slug":"naturkontakt-for-barnen","status":"publish","type":"page","link":"https:\/\/nayttely-cms.luomus.fi\/?page_id=229","title":{"rendered":"Naturkontakt f\u00f6r barnen"},"content":{"rendered":"\n<p class=\"has-huge-font-size\" style=\"line-height:1.2\"><strong>Naturkontakt f\u00f6r barnen<\/strong><\/p>\n\n\n\n<p>I en experimentell studie ledd av en forskare vid Naturresursinstitutet p\u00e5visades f\u00f6r f\u00f6rsta g\u00e5ngen i v\u00e4rlden att regleringen av immunsystemet hos 3\u20135-\u00e5riga daghemsbarn f\u00f6rb\u00e4ttrades n\u00e4r man tillf\u00f6rde daghemsg\u00e5rdarna skogsbottenv\u00e4xtlighet, rullgr\u00e4s och planteringsl\u00e5dor. <\/p>\n\n\n\n<p>Den h\u00f6ga hygienniv\u00e5n, den urbana livsstilen och en otillr\u00e4cklig naturkontakt g\u00f6r kroppens mikrobflora ensidig. Den ensidiga mikrobfloran leder till \u00f6kade st\u00f6rningar i immunsystemet, s\u00e5som risk f\u00f6r atopi, diabetes, celiaki och allergier. I tiotals j\u00e4mf\u00f6rande studier har man tidigare konstaterat att barn p\u00e5 landsbygden som \u00e4r i kontakt med naturen l\u00f6per mindre risk att insjukna i \u00e5kommor som beror p\u00e5 st\u00f6rningar i immunsystemet. Den f\u00e4rska unders\u00f6kningen avsl\u00f6jar att gr\u00f6nkontakt som upprepas fem g\u00e5nger i veckan leder till en m\u00e5ngsidigare mikrobflora i kroppen hos barnhemsbarn som skyddar mot immunrelaterade sjukdomar.<\/p>\n\n\n\n<p class=\"has-extra-large-font-size\">L\u00e4nk till artikeln:<\/p>\n\n\n\n<p><a href=\"https:\/\/nayttely-cms.luomus.fi\/wp-content\/uploads\/2021\/10\/Biodiversity_intervention_enhances_immune_regulation.pdf\">Biodiversity intervention enhances immune regulation and health-associated commensal microbiota among daycare children<\/a><\/p>\n","protected":false},"excerpt":{"rendered":"<p>Naturkontakt f\u00f6r barnen I en experimentell studie ledd av en forskare vid Naturresursinstitutet p\u00e5visades f\u00f6r f\u00f6rsta g\u00e5ngen i v\u00e4rlden att regleringen av immunsystemet hos 3\u20135-\u00e5riga daghemsbarn f\u00f6rb\u00e4ttrades n\u00e4r man tillf\u00f6rde daghemsg\u00e5rdarna skogsbottenv\u00e4xtlighet, rullgr\u00e4s och planteringsl\u00e5dor. Den h\u00f6ga hygienniv\u00e5n, den urbana livsstilen och en otillr\u00e4cklig naturkontakt g\u00f6r kroppens mikrobflora ensidig. Den ensidiga mikrobfloran leder till \u00f6kade&hellip; <a class=\"more-link\" href=\"https:\/\/nayttely-cms.luomus.fi\/?page_id=229\">Jatka lukemista <span class=\"screen-reader-text\">Naturkontakt f\u00f6r barnen<\/span><\/a><\/p>\n","protected":false},"author":2,"featured_media":219,"parent":0,"menu_order":0,"comment_status":"closed","ping_status":"closed","template":"","meta":{"footnotes":""},"tags":[],"class_list":["post-229","page","type-page","status-publish","has-post-thumbnail","hentry","entry"],"_links":{"self":[{"href":"https:\/\/nayttely-cms.luomus.fi\/index.php?rest_route=\/wp\/v2\/pages\/229","targetHints":{"allow":["GET"]}}],"collection":[{"href":"https:\/\/nayttely-cms.luomus.fi\/index.php?rest_route=\/wp\/v2\/pages"}],"about":[{"href":"https:\/\/nayttely-cms.luomus.fi\/index.php?rest_route=\/wp\/v2\/types\/page"}],"author":[{"embeddable":true,"href":"https:\/\/nayttely-cms.luomus.fi\/index.php?rest_route=\/wp\/v2\/users\/2"}],"replies":[{"embeddable":true,"href":"https:\/\/nayttely-cms.luomus.fi\/index.php?rest_route=%2Fwp%2Fv2%2Fcomments&post=229"}],"version-history":[{"count":2,"href":"https:\/\/nayttely-cms.luomus.fi\/index.php?rest_route=\/wp\/v2\/pages\/229\/revisions"}],"predecessor-version":[{"id":254,"href":"https:\/\/nayttely-cms.luomus.fi\/index.php?rest_route=\/wp\/v2\/pages\/229\/revisions\/254"}],"wp:featuredmedia":[{"embeddable":true,"href":"https:\/\/nayttely-cms.luomus.fi\/index.php?rest_route=\/wp\/v2\/media\/219"}],"wp:attachment":[{"href":"https:\/\/nayttely-cms.luomus.fi\/index.php?rest_route=%2Fwp%2Fv2%2Fmedia&parent=229"}],"wp:term":[{"taxonomy":"post_tag","embeddable":true,"href":"https:\/\/nayttely-cms.luomus.fi\/index.php?rest_route=%2Fwp%2Fv2%2Ftags&post=229"}],"curies":[{"name":"wp","href":"https:\/\/api.w.org\/{rel}","templated":true}]}}