{"id":231,"date":"2022-01-24T23:25:04","date_gmt":"2022-01-24T21:25:04","guid":{"rendered":"https:\/\/nayttely-cms.luomus.fi\/?page_id=231"},"modified":"2022-06-07T22:43:18","modified_gmt":"2022-06-07T19:43:18","slug":"aven-det-lilla-ar-viktigt","status":"publish","type":"page","link":"https:\/\/nayttely-cms.luomus.fi\/?page_id=231","title":{"rendered":"\u00c4ven det lilla \u00e4r viktigt!"},"content":{"rendered":"\n<p class=\"has-huge-font-size\" style=\"line-height:1.2\"><strong>Ocks\u00e5 sm\u00e5 gr\u00f6nomr\u00e5den \u00e4r viktiga<\/strong><\/p>\n\n\n\n<p>Inom naturskyddsplaneringen fokuserar man ofta p\u00e5 att skydda vidstr\u00e4ckta omr\u00e5den. Nyttan med omfattande skyddsomr\u00e5den \u00e4r uppenbara, f\u00f6r ett stort skyddat omr\u00e5de tryggar b\u00e4st bevarandet av de arter som lever i omr\u00e5det. Samtidigt har man ofta f\u00f6rh\u00e5llit sig nonchalant till att skydda mindre omr\u00e5den och gr\u00f6na fl\u00e4ckar, eftersom man har t\u00e4nkt att skyddet av s\u00e5dana har mindre betydelse.<\/p>\n\n\n\n<p>I den h\u00e4r studien fick vi emellertid st\u00f6d f\u00f6r tanken att ocks\u00e5 sm\u00e5 gr\u00f6na pl\u00e4ttar kan vara mycket viktiga med tanke p\u00e5 artm\u00e5ngfalden. Det h\u00e4r har s\u00e4rskilt stor betydelse i omr\u00e5den d\u00e4r m\u00e4nniskans inverkan \u00e4r stor och gr\u00f6nomr\u00e5dena \u00e4r sm\u00e5 och glest f\u00f6rekommande. Framf\u00f6r allt l\u00f6nar det sig att skydda och restaurera de sm\u00e5 gr\u00f6nomr\u00e5dena i st\u00e4derna. Ifall vi enbart fokuserar p\u00e5 skyddet av stora omr\u00e5den kan vi g\u00e5 miste om arter som \u00e4r typiska f\u00f6r sm\u00e5 omr\u00e5den.<\/p>\n\n\n\n<p class=\"has-extra-large-font-size\">L\u00e4nk till artikeln:<\/p>\n\n\n\n<p><a href=\"https:\/\/nayttely-cms.luomus.fi\/wp-content\/uploads\/2021\/10\/Global_synthesis_of_conservation.pdf\">Global synthesis of conservation studies reveals the importance of small habitat patches for biodiversity<\/a><\/p>\n","protected":false},"excerpt":{"rendered":"<p>Ocks\u00e5 sm\u00e5 gr\u00f6nomr\u00e5den \u00e4r viktiga Inom naturskyddsplaneringen fokuserar man ofta p\u00e5 att skydda vidstr\u00e4ckta omr\u00e5den. Nyttan med omfattande skyddsomr\u00e5den \u00e4r uppenbara, f\u00f6r ett stort skyddat omr\u00e5de tryggar b\u00e4st bevarandet av de arter som lever i omr\u00e5det. Samtidigt har man ofta f\u00f6rh\u00e5llit sig nonchalant till att skydda mindre omr\u00e5den och gr\u00f6na fl\u00e4ckar, eftersom man har t\u00e4nkt&hellip; <a class=\"more-link\" href=\"https:\/\/nayttely-cms.luomus.fi\/?page_id=231\">Jatka lukemista <span class=\"screen-reader-text\">\u00c4ven det lilla \u00e4r viktigt!<\/span><\/a><\/p>\n","protected":false},"author":2,"featured_media":217,"parent":0,"menu_order":0,"comment_status":"closed","ping_status":"closed","template":"","meta":{"footnotes":""},"tags":[],"class_list":["post-231","page","type-page","status-publish","has-post-thumbnail","hentry","entry"],"_links":{"self":[{"href":"https:\/\/nayttely-cms.luomus.fi\/index.php?rest_route=\/wp\/v2\/pages\/231","targetHints":{"allow":["GET"]}}],"collection":[{"href":"https:\/\/nayttely-cms.luomus.fi\/index.php?rest_route=\/wp\/v2\/pages"}],"about":[{"href":"https:\/\/nayttely-cms.luomus.fi\/index.php?rest_route=\/wp\/v2\/types\/page"}],"author":[{"embeddable":true,"href":"https:\/\/nayttely-cms.luomus.fi\/index.php?rest_route=\/wp\/v2\/users\/2"}],"replies":[{"embeddable":true,"href":"https:\/\/nayttely-cms.luomus.fi\/index.php?rest_route=%2Fwp%2Fv2%2Fcomments&post=231"}],"version-history":[{"count":2,"href":"https:\/\/nayttely-cms.luomus.fi\/index.php?rest_route=\/wp\/v2\/pages\/231\/revisions"}],"predecessor-version":[{"id":251,"href":"https:\/\/nayttely-cms.luomus.fi\/index.php?rest_route=\/wp\/v2\/pages\/231\/revisions\/251"}],"wp:featuredmedia":[{"embeddable":true,"href":"https:\/\/nayttely-cms.luomus.fi\/index.php?rest_route=\/wp\/v2\/media\/217"}],"wp:attachment":[{"href":"https:\/\/nayttely-cms.luomus.fi\/index.php?rest_route=%2Fwp%2Fv2%2Fmedia&parent=231"}],"wp:term":[{"taxonomy":"post_tag","embeddable":true,"href":"https:\/\/nayttely-cms.luomus.fi\/index.php?rest_route=%2Fwp%2Fv2%2Ftags&post=231"}],"curies":[{"name":"wp","href":"https:\/\/api.w.org\/{rel}","templated":true}]}}