{"id":29,"date":"2021-05-12T17:30:40","date_gmt":"2021-05-12T14:30:40","guid":{"rendered":"https:\/\/nayttely-cms.luomus.fi\/?page_id=29"},"modified":"2021-09-07T10:50:10","modified_gmt":"2021-09-07T07:50:10","slug":"kayttoohjeet","status":"publish","type":"page","link":"https:\/\/nayttely-cms.luomus.fi\/","title":{"rendered":"K\u00e4ytt\u00f6ohjeet"},"content":{"rendered":"\n<p>T\u00e4h\u00e4n tulee ohjeita WordPressin k\u00e4yt\u00f6st\u00e4 ja kuinka sis\u00e4lt\u00f6 toimii yhteen infoscreeneiss\u00e4 n\u00e4kyv\u00e4n k\u00e4ytt\u00f6liittym\u00e4n kanssa.<\/p>\n\n\n\n<p><\/p>\n","protected":false},"excerpt":{"rendered":"<p>T\u00e4h\u00e4n tulee ohjeita WordPressin k\u00e4yt\u00f6st\u00e4 ja kuinka sis\u00e4lt\u00f6 toimii yhteen infoscreeneiss\u00e4 n\u00e4kyv\u00e4n k\u00e4ytt\u00f6liittym\u00e4n kanssa.<\/p>\n","protected":false},"author":1,"featured_media":0,"parent":0,"menu_order":0,"comment_status":"closed","ping_status":"closed","template":"","meta":{"footnotes":""},"tags":[],"class_list":["post-29","page","type-page","status-publish","hentry","entry"],"_links":{"self":[{"href":"https:\/\/nayttely-cms.luomus.fi\/index.php?rest_route=\/wp\/v2\/pages\/29","targetHints":{"allow":["GET"]}}],"collection":[{"href":"https:\/\/nayttely-cms.luomus.fi\/index.php?rest_route=\/wp\/v2\/pages"}],"about":[{"href":"https:\/\/nayttely-cms.luomus.fi\/index.php?rest_route=\/wp\/v2\/types\/page"}],"author":[{"embeddable":true,"href":"https:\/\/nayttely-cms.luomus.fi\/index.php?rest_route=\/wp\/v2\/users\/1"}],"replies":[{"embeddable":true,"href":"https:\/\/nayttely-cms.luomus.fi\/index.php?rest_route=%2Fwp%2Fv2%2Fcomments&post=29"}],"version-history":[{"count":2,"href":"https:\/\/nayttely-cms.luomus.fi\/index.php?rest_route=\/wp\/v2\/pages\/29\/revisions"}],"predecessor-version":[{"id":31,"href":"https:\/\/nayttely-cms.luomus.fi\/index.php?rest_route=\/wp\/v2\/pages\/29\/revisions\/31"}],"wp:attachment":[{"href":"https:\/\/nayttely-cms.luomus.fi\/index.php?rest_route=%2Fwp%2Fv2%2Fmedia&parent=29"}],"wp:term":[{"taxonomy":"post_tag","embeddable":true,"href":"https:\/\/nayttely-cms.luomus.fi\/index.php?rest_route=%2Fwp%2Fv2%2Ftags&post=29"}],"curies":[{"name":"wp","href":"https:\/\/api.w.org\/{rel}","templated":true}]}}