{"id":45,"date":"2021-05-24T12:27:28","date_gmt":"2021-05-24T09:27:28","guid":{"rendered":"https:\/\/nayttely-cms.luomus.fi\/?page_id=45"},"modified":"2021-11-04T06:48:50","modified_gmt":"2021-11-04T04:48:50","slug":"tuisku-tutkija","status":"publish","type":"page","link":"https:\/\/nayttely-cms.luomus.fi\/?page_id=45","title":{"rendered":"Luontokosketusta lapsille"},"content":{"rendered":"\n<h2 class=\"wp-block-heading\"><strong>Luontokosketusta lapsille<\/strong><\/h2>\n\n\n\n<p>Luonnonvarakeskuksen tutkijan johtamassa kokeellisessa tutkimuksessa osoitettiin ensimm\u00e4ist\u00e4 kertaa maailmassa, ett\u00e4 3\u20135-vuotiaiden p\u00e4iv\u00e4kotilasten immuunij\u00e4rjestelm\u00e4n s\u00e4\u00e4tely parani, kun p\u00e4iv\u00e4kotien pihoille lis\u00e4ttiin mets\u00e4pohjaista kasvustoa eli kunttaa, siirtonurmea ja istutuslaatikoita.<\/p>\n\n\n\n<p>Korkea hygieniataso, urbaani el\u00e4m\u00e4ntyyli ja riitt\u00e4m\u00e4t\u00f6n luontokosketus yksipuolistavat elimist\u00f6n mikrobistoa. Yksipuolinen mikrobisto lis\u00e4\u00e4 immuunij\u00e4rjestelm\u00e4n h\u00e4iri\u00f6iden, kuten atopian, diabeteksen, keliakian ja allergioiden riski\u00e4. Kymmeniss\u00e4 vertailevissa tutkimuksissa on aikaisemmin todettu, ett\u00e4 luonnon kanssa kosketuksissa olevilla maaseudun lapsilla on pienempi todenn\u00e4k\u00f6isyys sairastua immuunij\u00e4rjestelm\u00e4n h\u00e4iri\u00f6ist\u00e4 johtuviin sairauksiin. Tuore tutkimus paljastaa, ett\u00e4 viisi kertaa viikossa toistuva viherkosketus monipuolisti immuuniv\u00e4litteisilt\u00e4 sairauksilta suojaavaa elimist\u00f6n mikrobistoa p\u00e4iv\u00e4kotilapsilla.<\/p>\n\n\n\n<h3 class=\"wp-block-heading\">Linkki artikkeliin:<\/h3>\n\n\n\n<p><a href=\"https:\/\/nayttely-cms.luomus.fi\/wp-content\/uploads\/2021\/10\/Biodiversity_intervention_enhances_immune_regulation.pdf\">Biodiversity intervention enhances immune regulation and health-associated commensal microbiota among daycare children<\/a><\/p>\n","protected":false},"excerpt":{"rendered":"<p>Luontokosketusta lapsille Luonnonvarakeskuksen tutkijan johtamassa kokeellisessa tutkimuksessa osoitettiin ensimm\u00e4ist\u00e4 kertaa maailmassa, ett\u00e4 3\u20135-vuotiaiden p\u00e4iv\u00e4kotilasten immuunij\u00e4rjestelm\u00e4n s\u00e4\u00e4tely parani, kun p\u00e4iv\u00e4kotien pihoille lis\u00e4ttiin mets\u00e4pohjaista kasvustoa eli kunttaa, siirtonurmea ja istutuslaatikoita. Korkea hygieniataso, urbaani el\u00e4m\u00e4ntyyli ja riitt\u00e4m\u00e4t\u00f6n luontokosketus yksipuolistavat elimist\u00f6n mikrobistoa. Yksipuolinen mikrobisto lis\u00e4\u00e4 immuunij\u00e4rjestelm\u00e4n h\u00e4iri\u00f6iden, kuten atopian, diabeteksen, keliakian ja allergioiden riski\u00e4. Kymmeniss\u00e4 vertailevissa tutkimuksissa on aikaisemmin&hellip; <a class=\"more-link\" href=\"https:\/\/nayttely-cms.luomus.fi\/?page_id=45\">Jatka lukemista <span class=\"screen-reader-text\">Luontokosketusta lapsille<\/span><\/a><\/p>\n","protected":false},"author":2,"featured_media":171,"parent":0,"menu_order":0,"comment_status":"closed","ping_status":"closed","template":"","meta":{"footnotes":""},"tags":[],"class_list":["post-45","page","type-page","status-publish","has-post-thumbnail","hentry","entry"],"_links":{"self":[{"href":"https:\/\/nayttely-cms.luomus.fi\/index.php?rest_route=\/wp\/v2\/pages\/45","targetHints":{"allow":["GET"]}}],"collection":[{"href":"https:\/\/nayttely-cms.luomus.fi\/index.php?rest_route=\/wp\/v2\/pages"}],"about":[{"href":"https:\/\/nayttely-cms.luomus.fi\/index.php?rest_route=\/wp\/v2\/types\/page"}],"author":[{"embeddable":true,"href":"https:\/\/nayttely-cms.luomus.fi\/index.php?rest_route=\/wp\/v2\/users\/2"}],"replies":[{"embeddable":true,"href":"https:\/\/nayttely-cms.luomus.fi\/index.php?rest_route=%2Fwp%2Fv2%2Fcomments&post=45"}],"version-history":[{"count":9,"href":"https:\/\/nayttely-cms.luomus.fi\/index.php?rest_route=\/wp\/v2\/pages\/45\/revisions"}],"predecessor-version":[{"id":172,"href":"https:\/\/nayttely-cms.luomus.fi\/index.php?rest_route=\/wp\/v2\/pages\/45\/revisions\/172"}],"wp:featuredmedia":[{"embeddable":true,"href":"https:\/\/nayttely-cms.luomus.fi\/index.php?rest_route=\/wp\/v2\/media\/171"}],"wp:attachment":[{"href":"https:\/\/nayttely-cms.luomus.fi\/index.php?rest_route=%2Fwp%2Fv2%2Fmedia&parent=45"}],"wp:term":[{"taxonomy":"post_tag","embeddable":true,"href":"https:\/\/nayttely-cms.luomus.fi\/index.php?rest_route=%2Fwp%2Fv2%2Ftags&post=45"}],"curies":[{"name":"wp","href":"https:\/\/api.w.org\/{rel}","templated":true}]}}